{"id":4726,"date":"2018-04-04T11:30:56","date_gmt":"2018-04-04T11:30:56","guid":{"rendered":"https:\/\/breelandrecreatie.nl\/activiteiten\/"},"modified":"2021-03-17T09:39:05","modified_gmt":"2021-03-17T09:39:05","slug":"aktivitaeten","status":"publish","type":"page","link":"https:\/\/breelandrecreatie.nl\/de\/aktivitaeten\/","title":{"rendered":"Aktivit\u00e4ten"},"content":{"rendered":"","protected":false},"excerpt":{"rendered":"","protected":false},"author":2,"featured_media":1585,"parent":0,"menu_order":4,"comment_status":"closed","ping_status":"closed","template":"","meta":{"_acf_changed":false,"footnotes":""},"class_list":["post-4726","page","type-page","status-publish","has-post-thumbnail","hentry"],"acf":[],"yoast_head":"<!-- This site is optimized with the Yoast SEO plugin v27.4 - https:\/\/yoast.com\/product\/yoast-seo-wordpress\/ -->\n<title>Die besten Aktivit\u00e4ten auf der Grenze von Drenthe | Breeland Recreatie<\/title>\n<meta name=\"description\" content=\"Die besten Aktivit\u00e4ten am sch\u00f6nsten Ort in Drenthe: kanu und roller fahren. Breeland Recreatie in Annen. Rufen Sie uns an+ 31 (0) 598 46 85 77\" \/>\n<meta name=\"robots\" content=\"index, follow, max-snippet:-1, max-image-preview:large, max-video-preview:-1\" \/>\n<link rel=\"canonical\" href=\"https:\/\/breelandrecreatie.nl\/de\/aktivitaeten\/\" \/>\n<meta property=\"og:locale\" content=\"de_DE\" \/>\n<meta property=\"og:type\" content=\"article\" \/>\n<meta property=\"og:title\" content=\"Die besten Aktivit\u00e4ten auf der Grenze von Drenthe | Breeland Recreatie\" \/>\n<meta property=\"og:description\" content=\"Die besten Aktivit\u00e4ten am sch\u00f6nsten Ort in Drenthe: kanu und roller fahren. Breeland Recreatie in Annen. Rufen Sie uns an+ 31 (0) 598 46 85 77\" \/>\n<meta property=\"og:url\" content=\"https:\/\/breelandrecreatie.nl\/de\/aktivitaeten\/\" \/>\n<meta property=\"og:site_name\" content=\"Breelandrecreatie\" \/>\n<meta property=\"article:publisher\" content=\"https:\/\/www.facebook.com\/breelandrecreatie\/\" \/>\n<meta property=\"article:modified_time\" content=\"2021-03-17T09:39:05+00:00\" \/>\n<meta property=\"og:image\" content=\"https:\/\/breelandrecreatie.nl\/app\/uploads\/2018\/06\/154300.jpg\" \/>\n\t<meta property=\"og:image:width\" content=\"1920\" \/>\n\t<meta property=\"og:image:height\" content=\"1281\" \/>\n\t<meta property=\"og:image:type\" content=\"image\/jpeg\" \/>\n<meta name=\"twitter:card\" content=\"summary_large_image\" \/>\n<script type=\"application\/ld+json\" class=\"yoast-schema-graph\">{\"@context\":\"https:\\\/\\\/schema.org\",\"@graph\":[{\"@type\":\"WebPage\",\"@id\":\"https:\\\/\\\/breelandrecreatie.nl\\\/de\\\/aktivitaeten\\\/\",\"url\":\"https:\\\/\\\/breelandrecreatie.nl\\\/de\\\/aktivitaeten\\\/\",\"name\":\"Die besten Aktivit\u00e4ten auf der Grenze von Drenthe | Breeland Recreatie\",\"isPartOf\":{\"@id\":\"https:\\\/\\\/breelandrecreatie.nl\\\/#website\"},\"primaryImageOfPage\":{\"@id\":\"https:\\\/\\\/breelandrecreatie.nl\\\/de\\\/aktivitaeten\\\/#primaryimage\"},\"image\":{\"@id\":\"https:\\\/\\\/breelandrecreatie.nl\\\/de\\\/aktivitaeten\\\/#primaryimage\"},\"thumbnailUrl\":\"https:\\\/\\\/breelandrecreatie.nl\\\/app\\\/uploads\\\/2018\\\/06\\\/154300.jpg\",\"datePublished\":\"2018-04-04T11:30:56+00:00\",\"dateModified\":\"2021-03-17T09:39:05+00:00\",\"description\":\"Die besten Aktivit\u00e4ten am sch\u00f6nsten Ort in Drenthe: kanu und roller fahren. Breeland Recreatie in Annen. Rufen Sie uns an+ 31 (0) 598 46 85 77\",\"breadcrumb\":{\"@id\":\"https:\\\/\\\/breelandrecreatie.nl\\\/de\\\/aktivitaeten\\\/#breadcrumb\"},\"inLanguage\":\"de\",\"potentialAction\":[{\"@type\":\"ReadAction\",\"target\":[\"https:\\\/\\\/breelandrecreatie.nl\\\/de\\\/aktivitaeten\\\/\"]}]},{\"@type\":\"ImageObject\",\"inLanguage\":\"de\",\"@id\":\"https:\\\/\\\/breelandrecreatie.nl\\\/de\\\/aktivitaeten\\\/#primaryimage\",\"url\":\"https:\\\/\\\/breelandrecreatie.nl\\\/app\\\/uploads\\\/2018\\\/06\\\/154300.jpg\",\"contentUrl\":\"https:\\\/\\\/breelandrecreatie.nl\\\/app\\\/uploads\\\/2018\\\/06\\\/154300.jpg\",\"width\":1920,\"height\":1281,\"caption\":\"Groep maakt een kanotocht over de hunze tijdens groepsactiviteit van Breeland Recreatie\"},{\"@type\":\"BreadcrumbList\",\"@id\":\"https:\\\/\\\/breelandrecreatie.nl\\\/de\\\/aktivitaeten\\\/#breadcrumb\",\"itemListElement\":[{\"@type\":\"ListItem\",\"position\":1,\"name\":\"Home\",\"item\":\"https:\\\/\\\/breelandrecreatie.nl\\\/de\\\/\"},{\"@type\":\"ListItem\",\"position\":2,\"name\":\"Aktivit\u00e4ten\"}]},{\"@type\":\"WebSite\",\"@id\":\"https:\\\/\\\/breelandrecreatie.nl\\\/#website\",\"url\":\"https:\\\/\\\/breelandrecreatie.nl\\\/\",\"name\":\"Breelandrecreatie\",\"description\":\"Variatie in recreatie\",\"publisher\":{\"@id\":\"https:\\\/\\\/breelandrecreatie.nl\\\/#organization\"},\"potentialAction\":[{\"@type\":\"SearchAction\",\"target\":{\"@type\":\"EntryPoint\",\"urlTemplate\":\"https:\\\/\\\/breelandrecreatie.nl\\\/?s={search_term_string}\"},\"query-input\":{\"@type\":\"PropertyValueSpecification\",\"valueRequired\":true,\"valueName\":\"search_term_string\"}}],\"inLanguage\":\"de\"},{\"@type\":\"Organization\",\"@id\":\"https:\\\/\\\/breelandrecreatie.nl\\\/#organization\",\"name\":\"Breeland Recreatie\",\"url\":\"https:\\\/\\\/breelandrecreatie.nl\\\/\",\"logo\":{\"@type\":\"ImageObject\",\"inLanguage\":\"de\",\"@id\":\"https:\\\/\\\/breelandrecreatie.nl\\\/#\\\/schema\\\/logo\\\/image\\\/\",\"url\":\"https:\\\/\\\/breelandrecreatie.nl\\\/app\\\/uploads\\\/2021\\\/03\\\/logo.png\",\"contentUrl\":\"https:\\\/\\\/breelandrecreatie.nl\\\/app\\\/uploads\\\/2021\\\/03\\\/logo.png\",\"width\":1143,\"height\":526,\"caption\":\"Breeland Recreatie\"},\"image\":{\"@id\":\"https:\\\/\\\/breelandrecreatie.nl\\\/#\\\/schema\\\/logo\\\/image\\\/\"},\"sameAs\":[\"https:\\\/\\\/www.facebook.com\\\/breelandrecreatie\\\/\",\"https:\\\/\\\/www.instagram.com\\\/breelandrecreatie\\\/\"]}]}<\/script>\n<!-- \/ Yoast SEO plugin. -->","yoast_head_json":{"title":"Die besten Aktivit\u00e4ten auf der Grenze von Drenthe | Breeland Recreatie","description":"Die besten Aktivit\u00e4ten am sch\u00f6nsten Ort in Drenthe: kanu und roller fahren. Breeland Recreatie in Annen. Rufen Sie uns an+ 31 (0) 598 46 85 77","robots":{"index":"index","follow":"follow","max-snippet":"max-snippet:-1","max-image-preview":"max-image-preview:large","max-video-preview":"max-video-preview:-1"},"canonical":"https:\/\/breelandrecreatie.nl\/de\/aktivitaeten\/","og_locale":"de_DE","og_type":"article","og_title":"Die besten Aktivit\u00e4ten auf der Grenze von Drenthe | Breeland Recreatie","og_description":"Die besten Aktivit\u00e4ten am sch\u00f6nsten Ort in Drenthe: kanu und roller fahren. Breeland Recreatie in Annen. Rufen Sie uns an+ 31 (0) 598 46 85 77","og_url":"https:\/\/breelandrecreatie.nl\/de\/aktivitaeten\/","og_site_name":"Breelandrecreatie","article_publisher":"https:\/\/www.facebook.com\/breelandrecreatie\/","article_modified_time":"2021-03-17T09:39:05+00:00","og_image":[{"width":1920,"height":1281,"url":"https:\/\/breelandrecreatie.nl\/app\/uploads\/2018\/06\/154300.jpg","type":"image\/jpeg"}],"twitter_card":"summary_large_image","schema":{"@context":"https:\/\/schema.org","@graph":[{"@type":"WebPage","@id":"https:\/\/breelandrecreatie.nl\/de\/aktivitaeten\/","url":"https:\/\/breelandrecreatie.nl\/de\/aktivitaeten\/","name":"Die besten Aktivit\u00e4ten auf der Grenze von Drenthe | Breeland Recreatie","isPartOf":{"@id":"https:\/\/breelandrecreatie.nl\/#website"},"primaryImageOfPage":{"@id":"https:\/\/breelandrecreatie.nl\/de\/aktivitaeten\/#primaryimage"},"image":{"@id":"https:\/\/breelandrecreatie.nl\/de\/aktivitaeten\/#primaryimage"},"thumbnailUrl":"https:\/\/breelandrecreatie.nl\/app\/uploads\/2018\/06\/154300.jpg","datePublished":"2018-04-04T11:30:56+00:00","dateModified":"2021-03-17T09:39:05+00:00","description":"Die besten Aktivit\u00e4ten am sch\u00f6nsten Ort in Drenthe: kanu und roller fahren. Breeland Recreatie in Annen. Rufen Sie uns an+ 31 (0) 598 46 85 77","breadcrumb":{"@id":"https:\/\/breelandrecreatie.nl\/de\/aktivitaeten\/#breadcrumb"},"inLanguage":"de","potentialAction":[{"@type":"ReadAction","target":["https:\/\/breelandrecreatie.nl\/de\/aktivitaeten\/"]}]},{"@type":"ImageObject","inLanguage":"de","@id":"https:\/\/breelandrecreatie.nl\/de\/aktivitaeten\/#primaryimage","url":"https:\/\/breelandrecreatie.nl\/app\/uploads\/2018\/06\/154300.jpg","contentUrl":"https:\/\/breelandrecreatie.nl\/app\/uploads\/2018\/06\/154300.jpg","width":1920,"height":1281,"caption":"Groep maakt een kanotocht over de hunze tijdens groepsactiviteit van Breeland Recreatie"},{"@type":"BreadcrumbList","@id":"https:\/\/breelandrecreatie.nl\/de\/aktivitaeten\/#breadcrumb","itemListElement":[{"@type":"ListItem","position":1,"name":"Home","item":"https:\/\/breelandrecreatie.nl\/de\/"},{"@type":"ListItem","position":2,"name":"Aktivit\u00e4ten"}]},{"@type":"WebSite","@id":"https:\/\/breelandrecreatie.nl\/#website","url":"https:\/\/breelandrecreatie.nl\/","name":"Breelandrecreatie","description":"Variatie in recreatie","publisher":{"@id":"https:\/\/breelandrecreatie.nl\/#organization"},"potentialAction":[{"@type":"SearchAction","target":{"@type":"EntryPoint","urlTemplate":"https:\/\/breelandrecreatie.nl\/?s={search_term_string}"},"query-input":{"@type":"PropertyValueSpecification","valueRequired":true,"valueName":"search_term_string"}}],"inLanguage":"de"},{"@type":"Organization","@id":"https:\/\/breelandrecreatie.nl\/#organization","name":"Breeland Recreatie","url":"https:\/\/breelandrecreatie.nl\/","logo":{"@type":"ImageObject","inLanguage":"de","@id":"https:\/\/breelandrecreatie.nl\/#\/schema\/logo\/image\/","url":"https:\/\/breelandrecreatie.nl\/app\/uploads\/2021\/03\/logo.png","contentUrl":"https:\/\/breelandrecreatie.nl\/app\/uploads\/2021\/03\/logo.png","width":1143,"height":526,"caption":"Breeland Recreatie"},"image":{"@id":"https:\/\/breelandrecreatie.nl\/#\/schema\/logo\/image\/"},"sameAs":["https:\/\/www.facebook.com\/breelandrecreatie\/","https:\/\/www.instagram.com\/breelandrecreatie\/"]}]}},"_links":{"self":[{"href":"https:\/\/breelandrecreatie.nl\/de\/wp-json\/wp\/v2\/pages\/4726","targetHints":{"allow":["GET"]}}],"collection":[{"href":"https:\/\/breelandrecreatie.nl\/de\/wp-json\/wp\/v2\/pages"}],"about":[{"href":"https:\/\/breelandrecreatie.nl\/de\/wp-json\/wp\/v2\/types\/page"}],"author":[{"embeddable":true,"href":"https:\/\/breelandrecreatie.nl\/de\/wp-json\/wp\/v2\/users\/2"}],"replies":[{"embeddable":true,"href":"https:\/\/breelandrecreatie.nl\/de\/wp-json\/wp\/v2\/comments?post=4726"}],"version-history":[{"count":5,"href":"https:\/\/breelandrecreatie.nl\/de\/wp-json\/wp\/v2\/pages\/4726\/revisions"}],"predecessor-version":[{"id":4824,"href":"https:\/\/breelandrecreatie.nl\/de\/wp-json\/wp\/v2\/pages\/4726\/revisions\/4824"}],"wp:featuredmedia":[{"embeddable":true,"href":"https:\/\/breelandrecreatie.nl\/de\/wp-json\/wp\/v2\/media\/1585"}],"wp:attachment":[{"href":"https:\/\/breelandrecreatie.nl\/de\/wp-json\/wp\/v2\/media?parent=4726"}],"curies":[{"name":"wp","href":"https:\/\/api.w.org\/{rel}","templated":true}]}}